{"id":193,"date":"2015-12-19T12:23:51","date_gmt":"2015-12-19T12:23:51","guid":{"rendered":"https:\/\/prefangol.com\/?page_id=193"},"modified":"2023-02-17T16:23:54","modified_gmt":"2023-02-17T16:23:54","slug":"historia","status":"publish","type":"page","link":"http:\/\/prefangol.com\/en\/historia\/","title":{"rendered":"Hist\u00f3ria"},"content":{"rendered":"<p>Constitu\u00edda em\u00a0<strong>2003<\/strong>, a PREFANGOL, possui actualmente <strong>sete\u00a0centrais de bet\u00e3o<\/strong>\u00a0e\u00a0<strong>tr\u00eas pedreiras<\/strong>, distribu\u00eddas pelo territ\u00f3rio Angolano<strong>.\u00a0<\/strong><\/p>\n<p>Alicer\u00e7ada na sua tradi\u00e7\u00e3o e experi\u00eancia, a PREFANGOL consolidou a sua posi\u00e7\u00e3o no mercado do <strong>fabrico e fornecimento de bet\u00e3o e agregados<\/strong>\u00a0para os sectores da\u00a0<strong>Constru\u00e7\u00e3o Civil e Obras P\u00fablicas<\/strong>.<\/p>\n<p>A Empresa oferece um <strong>produto de qualidade, certificado<\/strong>\u00a0por um servi\u00e7o de laborat\u00f3rio tecnicamente equipado e por um sistema de gest\u00e3o e controlo de qualidade alicer\u00e7ado.<\/p>","protected":false},"excerpt":{"rendered":"<p>Constitu\u00edda em\u00a02003, a PREFANGOL, possui actualmente sete\u00a0centrais de bet\u00e3o\u00a0e\u00a0tr\u00eas pedreiras, distribu\u00eddas pelo territ\u00f3rio Angolano.\u00a0 Alicer\u00e7ada na sua tradi\u00e7\u00e3o e experi\u00eancia, a PREFANGOL consolidou a sua posi\u00e7\u00e3o no mercado do fabrico e fornecimento de bet\u00e3o e agregados\u00a0para os sectores da\u00a0Constru\u00e7\u00e3o Civil e Obras P\u00fablicas. A Empresa oferece um produto de qualidade, certificado\u00a0por um servi\u00e7o de laborat\u00f3rio [&hellip;]<\/p>","protected":false},"author":3,"featured_media":0,"parent":0,"menu_order":0,"comment_status":"closed","ping_status":"closed","template":"","meta":{"footnotes":""},"_links":{"self":[{"href":"http:\/\/prefangol.com\/en\/wp-json\/wp\/v2\/pages\/193"}],"collection":[{"href":"http:\/\/prefangol.com\/en\/wp-json\/wp\/v2\/pages"}],"about":[{"href":"http:\/\/prefangol.com\/en\/wp-json\/wp\/v2\/types\/page"}],"author":[{"embeddable":true,"href":"http:\/\/prefangol.com\/en\/wp-json\/wp\/v2\/users\/3"}],"replies":[{"embeddable":true,"href":"http:\/\/prefangol.com\/en\/wp-json\/wp\/v2\/comments?post=193"}],"version-history":[{"count":0,"href":"http:\/\/prefangol.com\/en\/wp-json\/wp\/v2\/pages\/193\/revisions"}],"wp:attachment":[{"href":"http:\/\/prefangol.com\/en\/wp-json\/wp\/v2\/media?parent=193"}],"curies":[{"name":"wp","href":"https:\/\/api.w.org\/{rel}","templated":true}]}}