{"id":752,"date":"2016-02-23T08:52:41","date_gmt":"2016-02-23T08:52:41","guid":{"rendered":"https:\/\/prefangol.com\/?page_id=752"},"modified":"2024-05-22T10:24:33","modified_gmt":"2024-05-22T10:24:33","slug":"servicos","status":"publish","type":"page","link":"http:\/\/prefangol.com\/en\/servicos\/","title":{"rendered":"Servi\u00e7os"},"content":{"rendered":"<p><div id=\"shortcode-2a1ad9b31d4e3ccc147e5d971bd41fc5\" class=\"fw-main-row\" >\n\t<div class=\"container-fluid\">\n\t\t\n<div class=\"fw-row\">\n\t<div class=\"fw-col-xs-12 fw-col-sm-2 layout-col\" id=\"shortcode-334421b4bfe145970c671314c0aa0045\">\n\t<\/div><div class=\"fw-col-xs-12 fw-col-sm-8 layout-col\" id=\"shortcode-b6b07c4952f367febd54828e7954f21f\">\n\t<h3 id=\"shortcode-b059c2e73efaa20a9300e42510705652\" class=\"\" >Os Nossos Servi\u00e7os<\/h3><p style=\"text-align: center;\">A Prefangol disponibiliza um misto de pr\u00e9stimos ligados ao fornecimento dos seus produtos, defendendo assim padr\u00f5es de excel\u00eancia.<\/p>\n\t<div class=\"fw-divider-space\" style=\"padding-top: 30px;\"><\/div>\n<\/div><div class=\"fw-col-xs-12 fw-col-sm-2 layout-col\" id=\"shortcode-915433e66913178c5002e32fd7863674\">\n\t<\/div><\/div>\n\n\n<div class=\"fw-row\">\n\t<div class=\"fw-col-xs-12 layout-col\" id=\"shortcode-33cadd9860ccdeff27efeffe9fff1a25\">\n\t\n<div class=\"benefits style-3cols_corporate_third\">\n\t\t<div class=\"item\">\n\n\t\t\t\t\t<div class=\"photo\">\n\t\t\t\t<div class=\"overlay\"><\/div>\n\t\t\t\t<div class=\"title\"><span>Fornecimento de Bet\u00e3o<\/span><\/div>\n\t\t\t\t<img decoding=\"async\" class=\"b-lazy\" alt=\"\" src=\"data:image\/gif;base64,R0lGODlhAQABAAAAACH5BAEKAAEALAAAAAABAAEAAAICTAEAOw==\" data-src=\"\/\/prefangol.com\/wp-content\/uploads\/2017\/03\/DSC02471-370x250.jpg|\/\/prefangol.com\/wp-content\/uploads\/2017\/03\/DSC02471-740x500.jpg\" \/>\t\t\t<\/div>\n\t\t\n\t\t\t\t<h4>\n\t\t\t\t\tFornecimento de Bet\u00e3o\t\t\t\t<\/h4>\n\t\t\n\t\t\t\t<div class=\"desc\">A Prefangol consolidou a sua posi\u00e7\u00e3o no mercado do fabrico e fornecimento de bet\u00e3o e agregados, para os sectores da Constru\u00e7\u00e3o Civil e Obras P\u00fablicas, possui actualmente <b>quatro Centrais de Bet\u00e3o<\/b> e <b>tr\u00eas Pedreiras<\/b>, distribu\u00eddas pelo <b>territ\u00f3rio Angolano<\/b>. E presentemente no <b>territ\u00f3rio de Mo\u00e7ambique<\/b> com <b>uma Central de Bet\u00e3o<\/b> e <b>uma pedreira em Maputo<\/b>.\r\nOferece um produto de qualidade, certificado por um servi\u00e7o de laborat\u00f3rio tecnicamente equipado e por um sistema de gest\u00e3o e controlo de qualidade alicer\u00e7ado.<\/div>\n\t\t\n\t<\/div>\n\t\t<div class=\"item\">\n\n\t\t\t\t\t<div class=\"photo\">\n\t\t\t\t<div class=\"overlay\"><\/div>\n\t\t\t\t<div class=\"title\"><span>Servi\u00e7o de Bombagem<\/span><\/div>\n\t\t\t\t<img decoding=\"async\" class=\"b-lazy\" alt=\"\" src=\"data:image\/gif;base64,R0lGODlhAQABAAAAACH5BAEKAAEALAAAAAABAAEAAAICTAEAOw==\" data-src=\"\/\/prefangol.com\/wp-content\/uploads\/2017\/02\/DSC00830-370x250.jpg|\/\/prefangol.com\/wp-content\/uploads\/2017\/02\/DSC00830-740x500.jpg\" \/>\t\t\t<\/div>\n\t\t\n\t\t\t\t<h4>\n\t\t\t\t\tServi\u00e7o de Bombagem\t\t\t\t<\/h4>\n\t\t\n\t\t\t\t<div class=\"desc\">Para a execu\u00e7\u00e3o deste servi\u00e7o, a Prefangol conta com <b>viaturas auto-bomba pr\u00f3prias<\/b>, providas de lan\u00e7as com diversos comprimentos.\r\nO comprimento da lan\u00e7a utilizado depende das caracter\u00edsticas da obra, pelo que, por vezes, a Prefangol <b>disponibiliza a desloca\u00e7\u00e3o de um t\u00e9cnico especializado<\/b> ao local, com vista \u00e0 obten\u00e7\u00e3o de sucesso na realiza\u00e7\u00e3o do trabalho solicitado pelo cliente.<\/div>\n\t\t\n\t<\/div>\n\t\t<div class=\"item\">\n\n\t\t\t\t\t<div class=\"photo\">\n\t\t\t\t<div class=\"overlay\"><\/div>\n\t\t\t\t<div class=\"title\"><span>Servi\u00e7o de Transporte<\/span><\/div>\n\t\t\t\t<img decoding=\"async\" class=\"b-lazy\" alt=\"\" src=\"data:image\/gif;base64,R0lGODlhAQABAAAAACH5BAEKAAEALAAAAAABAAEAAAICTAEAOw==\" data-src=\"\/\/prefangol.com\/wp-content\/uploads\/2017\/03\/DSCN0811-2-1-370x250.jpg|\/\/prefangol.com\/wp-content\/uploads\/2017\/03\/DSCN0811-2-1-740x500.jpg\" \/>\t\t\t<\/div>\n\t\t\n\t\t\t\t<h4>\n\t\t\t\t\tServi\u00e7o de Transporte\t\t\t\t<\/h4>\n\t\t\n\t\t\t\t<div class=\"desc\">O transporte \u00e9 executado recorrendo a <b>viaturas auto-betoneiras<\/b> pr\u00f3prias.\r\nA frota utilizada neste servi\u00e7o \u00e9 composta por autobetoneiras com <b>capacidades compreendidas entre 6m3 e 10m3<\/b>.<\/div>\n\t\t\n\t<\/div>\n\t\t<div class=\"item\">\n\n\t\t\t\t\t<div class=\"photo\">\n\t\t\t\t<div class=\"overlay\"><\/div>\n\t\t\t\t<div class=\"title\"><span>Servi\u00e7o de Laborat\u00f3rio<\/span><\/div>\n\t\t\t\t<img decoding=\"async\" class=\"b-lazy\" alt=\"\" src=\"data:image\/gif;base64,R0lGODlhAQABAAAAACH5BAEKAAEALAAAAAABAAEAAAICTAEAOw==\" data-src=\"\/\/prefangol.com\/wp-content\/uploads\/2017\/03\/DSC00175-370x250.jpg|\/\/prefangol.com\/wp-content\/uploads\/2017\/03\/DSC00175-740x500.jpg\" \/>\t\t\t<\/div>\n\t\t\n\t\t\t\t<h4>\n\t\t\t\t\tServi\u00e7o de Laborat\u00f3rio\t\t\t\t<\/h4>\n\t\t\n\t\t\t\t<div class=\"desc\">A Prefangol disp\u00f5e de uma estrutura pr\u00f3pria para o <b>controlo da qualidade dos bet\u00f5es produzidos<\/b> em regime de auto-controlo. No entanto, poder\u00e1 mediante acordo pr\u00e9vio disponibilizar este servi\u00e7o para a realiza\u00e7\u00e3o de amostragens em obra, com vista \u00e0 realiza\u00e7\u00e3o dos ensaios de identidade.<\/div>\n\t\t\n\t<\/div>\n\t\t<div class=\"item\">\n\n\t\t\t\t\t<div class=\"photo\">\n\t\t\t\t<div class=\"overlay\"><\/div>\n\t\t\t\t<div class=\"title\"><span>Aluguer de Centrais de Bet\u00e3o M\u00f3veis<\/span><\/div>\n\t\t\t\t<img decoding=\"async\" class=\"b-lazy\" alt=\"\" src=\"data:image\/gif;base64,R0lGODlhAQABAAAAACH5BAEKAAEALAAAAAABAAEAAAICTAEAOw==\" data-src=\"\/\/prefangol.com\/wp-content\/uploads\/central-betao-prefangol-v1-370x250.jpg|\/\/prefangol.com\/wp-content\/uploads\/central-betao-prefangol-v1-740x500.jpg\" \/>\t\t\t<\/div>\n\t\t\n\t\t\t\t<h4>\n\t\t\t\t\tAluguer de Centrais de Bet\u00e3o M\u00f3veis\t\t\t\t<\/h4>\n\t\t\n\t\t\t\t<div class=\"desc\">A Prefangol disp\u00f5e de centrais m\u00f3veis, prontas para deslocar e montar em qualquer sitio.<\/div>\n\t\t\n\t<\/div>\n\t<\/div>\n\n\t<div class=\"fw-divider-space\" style=\"padding-top: 50px;\"><\/div>\n<\/div><\/div>\n\n\t<\/div>\n<\/div>\n<div id=\"shortcode-d7d219c536791665ecfa9f31afb2cb0b\" class=\"fw-main-row\" >\n\t<div class=\"container-fluid\">\n\t\t\n<div class=\"fw-row\">\n\t<div class=\"fw-col-xs-12 fw-col-sm-2 layout-col\" id=\"shortcode-0622c9518f2c441199ee379ee57bdcf4\">\n\t<\/div><div class=\"fw-col-xs-12 fw-col-sm-8 layout-col\" id=\"shortcode-a8f8d37fdaf097fdfee4f65e02404895\">\n\t<h3 id=\"shortcode-d2140e2afd4b314d6b06180827acb35d\" class=\"\" >Tipos de Obras que executamos<\/h3><p style=\"text-align: center;\">A Prefangol procura continuamente a satisfa\u00e7\u00e3o das necessidades em que a sua actividade \u00e9 especializada, como \u00e9 o facto da exig\u00eancia de qualidade nos seus produtos e a pontualidade ex\u00edmia no fornecimento dos mesmos.<\/p>\n\t<div class=\"fw-divider-space\" style=\"padding-top: 30px;\"><\/div>\n<\/div><div class=\"fw-col-xs-12 fw-col-sm-2 layout-col\" id=\"shortcode-80710a7c02072e3a83f28d02b4653c96\">\n\t<\/div><\/div>\n\n\n<div class=\"fw-row\">\n\t<div class=\"fw-col-xs-12 layout-col\" id=\"shortcode-7f19c4c8ac5163be90f5e6aa41b5a427\">\n\t\n\n<div class=\"benefits style-3cols_fourth\" id=\"shortcode-45837e9dea527b256bd7606905fc6697\" data-svg-id=\"svg-shortcode-45837e9dea527b256bd7606905fc6697\">\n\t\n\t\t<div class=\"item match-height\" data-mh=\"benefits-45837e9dea527b256bd7606905fc6697\">\n\t\t\t<div class=\"item-inside\">\n\t\t\t\t\n\t\t\t\t\t\n\t\t\t\t\t<div class=\"icon\">\n\t\t\t\t\t\t<img decoding=\"async\" src=\"\/\/prefangol.com\/wp-content\/uploads\/2016\/01\/healthcare_buildings.svg\" class=\"image-svg\" alt=\"\" \/>\t\t\t\t\t<\/div>\n\n\t\t\t\t\t\n\t\t\t\t\t\t\t\t\t\t<h4>Hospitais e Centros M\u00e9dicos<\/h4>\n\t\t\t\t\t\n\t\t\t\t\t\n\t\t\t\t\t\t\t<\/div>\n\t\t<\/div>\n\n\t\n\t\t<div class=\"item match-height\" data-mh=\"benefits-45837e9dea527b256bd7606905fc6697\">\n\t\t\t<div class=\"item-inside\">\n\t\t\t\t\n\t\t\t\t\t\n\t\t\t\t\t<div class=\"icon\">\n\t\t\t\t\t\t<img decoding=\"async\" src=\"\/\/prefangol.com\/wp-content\/uploads\/2016\/01\/education_buildings.svg\" class=\"image-svg\" alt=\"\" \/>\t\t\t\t\t<\/div>\n\n\t\t\t\t\t\n\t\t\t\t\t\t\t\t\t\t<h4>Escolas<\/h4>\n\t\t\t\t\t\n\t\t\t\t\t\n\t\t\t\t\t\t\t<\/div>\n\t\t<\/div>\n\n\t\n\t\t<div class=\"item match-height\" data-mh=\"benefits-45837e9dea527b256bd7606905fc6697\">\n\t\t\t<div class=\"item-inside\">\n\t\t\t\t\n\t\t\t\t\t\n\t\t\t\t\t<div class=\"icon\">\n\t\t\t\t\t\t<img decoding=\"async\" src=\"\/\/prefangol.com\/wp-content\/uploads\/2016\/01\/goverment_buildings.svg\" class=\"image-svg\" alt=\"\" \/>\t\t\t\t\t<\/div>\n\n\t\t\t\t\t\n\t\t\t\t\t\t\t\t\t\t<h4>Constru\u00e7\u00f5es Governamentais<\/h4>\n\t\t\t\t\t\n\t\t\t\t\t\n\t\t\t\t\t\t\t<\/div>\n\t\t<\/div>\n\n\t\n\t\t<div class=\"item match-height\" data-mh=\"benefits-45837e9dea527b256bd7606905fc6697\">\n\t\t\t<div class=\"item-inside\">\n\t\t\t\t\n\t\t\t\t\t\n\t\t\t\t\t<div class=\"icon\">\n\t\t\t\t\t\t<img decoding=\"async\" src=\"\/\/prefangol.com\/wp-content\/uploads\/2016\/01\/commercial_buildings.svg\" class=\"image-svg\" alt=\"\" \/>\t\t\t\t\t<\/div>\n\n\t\t\t\t\t\n\t\t\t\t\t\t\t\t\t\t<h4>Centros Comerciais<\/h4>\n\t\t\t\t\t\n\t\t\t\t\t\n\t\t\t\t\t\t\t<\/div>\n\t\t<\/div>\n\n\t\n\t\t<div class=\"item match-height\" data-mh=\"benefits-45837e9dea527b256bd7606905fc6697\">\n\t\t\t<div class=\"item-inside\">\n\t\t\t\t\n\t\t\t\t\t\n\t\t\t\t\t<div class=\"icon\">\n\t\t\t\t\t\t<img decoding=\"async\" src=\"\/\/prefangol.com\/wp-content\/uploads\/2016\/01\/building129.svg\" class=\"image-svg\" alt=\"\" \/>\t\t\t\t\t<\/div>\n\n\t\t\t\t\t\n\t\t\t\t\t\t\t\t\t\t<h4>Moradias<\/h4>\n\t\t\t\t\t\n\t\t\t\t\t\n\t\t\t\t\t\t\t<\/div>\n\t\t<\/div>\n\n\t\n\t\t<div class=\"item match-height\" data-mh=\"benefits-45837e9dea527b256bd7606905fc6697\">\n\t\t\t<div class=\"item-inside\">\n\t\t\t\t\n\t\t\t\t\t\n\t\t\t\t\t<div class=\"icon\">\n\t\t\t\t\t\t<img decoding=\"async\" src=\"\/\/prefangol.com\/wp-content\/uploads\/2016\/01\/restaurant_buildings.svg\" class=\"image-svg\" alt=\"\" \/>\t\t\t\t\t<\/div>\n\n\t\t\t\t\t\n\t\t\t\t\t\t\t\t\t\t<h4>Restaurantes<\/h4>\n\t\t\t\t\t\n\t\t\t\t\t\n\t\t\t\t\t\t\t<\/div>\n\t\t<\/div>\n\n\t\n\t\t<div class=\"item match-height\" data-mh=\"benefits-45837e9dea527b256bd7606905fc6697\">\n\t\t\t<div class=\"item-inside\">\n\t\t\t\t\n\t\t\t\t\t\n\t\t\t\t\t<div class=\"icon\">\n\t\t\t\t\t\t<img decoding=\"async\" src=\"\/\/prefangol.com\/wp-content\/uploads\/2016\/01\/basketball10.svg\" class=\"image-svg\" alt=\"\" \/>\t\t\t\t\t<\/div>\n\n\t\t\t\t\t\n\t\t\t\t\t\t\t\t\t\t<h4>Est\u00e1dios<\/h4>\n\t\t\t\t\t\n\t\t\t\t\t\n\t\t\t\t\t\t\t<\/div>\n\t\t<\/div>\n\n\t\n\t\t<div class=\"item match-height\" data-mh=\"benefits-45837e9dea527b256bd7606905fc6697\">\n\t\t\t<div class=\"item-inside\">\n\t\t\t\t\n\t\t\t\t\t\n\t\t\t\t\t<div class=\"icon\">\n\t\t\t\t\t\t<img decoding=\"async\" src=\"\/\/prefangol.com\/wp-content\/uploads\/2016\/01\/hotel_buildings.svg\" class=\"image-svg\" alt=\"\" \/>\t\t\t\t\t<\/div>\n\n\t\t\t\t\t\n\t\t\t\t\t\t\t\t\t\t<h4>Hoteis<\/h4>\n\t\t\t\t\t\n\t\t\t\t\t\n\t\t\t\t\t\t\t<\/div>\n\t\t<\/div>\n\n\t\n\t\t<div class=\"item match-height\" data-mh=\"benefits-45837e9dea527b256bd7606905fc6697\">\n\t\t\t<div class=\"item-inside\">\n\t\t\t\t\n\t\t\t\t\t\n\t\t\t\t\t<div class=\"icon\">\n\t\t\t\t\t\t<img decoding=\"async\" src=\"\/\/prefangol.com\/wp-content\/uploads\/2016\/01\/library_buildings.svg\" class=\"image-svg\" alt=\"\" \/>\t\t\t\t\t<\/div>\n\n\t\t\t\t\t\n\t\t\t\t\t\t\t\t\t\t<h4>Bibliotecas<\/h4>\n\t\t\t\t\t\n\t\t\t\t\t\n\t\t\t\t\t\t\t<\/div>\n\t\t<\/div>\n\n\t\n\t\t<div class=\"item match-height\" data-mh=\"benefits-45837e9dea527b256bd7606905fc6697\">\n\t\t\t<div class=\"item-inside\">\n\t\t\t\t\n\t\t\t\t\t\n\t\t\t\t\t<div class=\"icon\">\n\t\t\t\t\t\t<img decoding=\"async\" src=\"\/\/prefangol.com\/wp-content\/uploads\/road.svg\" class=\"image-svg\" alt=\"\" \/>\t\t\t\t\t<\/div>\n\n\t\t\t\t\t\n\t\t\t\t\t\t\t\t\t\t<h4>Estradas<\/h4>\n\t\t\t\t\t\n\t\t\t\t\t\n\t\t\t\t\t\t\t<\/div>\n\t\t<\/div>\n\n\t\n\t\t<div class=\"item match-height\" data-mh=\"benefits-45837e9dea527b256bd7606905fc6697\">\n\t\t\t<div class=\"item-inside\">\n\t\t\t\t\n\t\t\t\t\t\n\t\t\t\t\t<div class=\"icon\">\n\t\t\t\t\t\t<img decoding=\"async\" src=\"\/\/prefangol.com\/wp-content\/uploads\/bridge.svg\" class=\"image-svg\" alt=\"\" \/>\t\t\t\t\t<\/div>\n\n\t\t\t\t\t\n\t\t\t\t\t\t\t\t\t\t<h4>Viadutos<\/h4>\n\t\t\t\t\t\n\t\t\t\t\t\n\t\t\t\t\t\t\t<\/div>\n\t\t<\/div>\n\n\t\n\t<svg style=\"display: block;\" xmlns=\"http:\/\/www.w3.org\/2000\/svg\" width=\"0\" height=\"0\">\n\t\t<defs><clippath id=\"svg-shortcode-45837e9dea527b256bd7606905fc6697\" clippathunits=\"objectBoundingBox\"><polygon points=\"0.5 0.85, 0 1, 1 1\" \/><\/clippath><\/defs>\n\t<\/svg>\n\n<\/div>\n\n<\/div><\/div>\n\n\t<\/div>\n<\/div>\n<\/p>","protected":false},"excerpt":{"rendered":"<p>Os Nossos Servi\u00e7osA Prefangol disponibiliza um misto de pr\u00e9stimos ligados ao fornecimento dos seus produtos, defendendo assim padr\u00f5es de excel\u00eancia. Fornecimento de Bet\u00e3o Fornecimento de Bet\u00e3o A Prefangol consolidou a sua posi\u00e7\u00e3o no mercado do fabrico e fornecimento de bet\u00e3o e agregados, para os sectores da Constru\u00e7\u00e3o Civil e Obras P\u00fablicas, possui actualmente quatro Centrais [&hellip;]<\/p>","protected":false},"author":3,"featured_media":0,"parent":0,"menu_order":0,"comment_status":"closed","ping_status":"closed","template":"brizy-blank-template.php","meta":{"footnotes":""},"_links":{"self":[{"href":"http:\/\/prefangol.com\/en\/wp-json\/wp\/v2\/pages\/752"}],"collection":[{"href":"http:\/\/prefangol.com\/en\/wp-json\/wp\/v2\/pages"}],"about":[{"href":"http:\/\/prefangol.com\/en\/wp-json\/wp\/v2\/types\/page"}],"author":[{"embeddable":true,"href":"http:\/\/prefangol.com\/en\/wp-json\/wp\/v2\/users\/3"}],"replies":[{"embeddable":true,"href":"http:\/\/prefangol.com\/en\/wp-json\/wp\/v2\/comments?post=752"}],"version-history":[{"count":2,"href":"http:\/\/prefangol.com\/en\/wp-json\/wp\/v2\/pages\/752\/revisions"}],"predecessor-version":[{"id":1667,"href":"http:\/\/prefangol.com\/en\/wp-json\/wp\/v2\/pages\/752\/revisions\/1667"}],"wp:attachment":[{"href":"http:\/\/prefangol.com\/en\/wp-json\/wp\/v2\/media?parent=752"}],"curies":[{"name":"wp","href":"https:\/\/api.w.org\/{rel}","templated":true}]}}