{"id":940,"date":"2017-02-11T13:06:16","date_gmt":"2017-02-11T13:06:16","guid":{"rendered":"https:\/\/prefangol.com\/?page_id=940"},"modified":"2019-07-08T17:06:21","modified_gmt":"2019-07-08T17:06:21","slug":"simulador-betao","status":"publish","type":"page","link":"http:\/\/prefangol.com\/en\/simulador-betao\/","title":{"rendered":"Simulador Bet\u00e3o"},"content":{"rendered":"<div id=\"shortcode-297ad1240013118be71e44d00a2ef7f4\" class=\"fw-main-row\" >\n\t<div class=\"container-fluid\">\n\t\t\n<div class=\"fw-row\">\n\t<div class=\"fw-col-xs-12 layout-col\" id=\"shortcode-b47d145fc135ee4ca35dc5f9e1873b76\">\n\t<div class=\"theme-tabs tabs-type-horizontal\" data-responsive-break=\"\" id=\"theme-tabs-69e07a7ad1e0e\">\n\t<nav>\n\t\t\t\t\t<a href=\"#theme-tabs-69e07a7ad1e0e-0\" class=\"theme-tab\" data-tabs-group=\"tab-group-theme-tabs-69e07a7ad1e0e\">Angola<\/a>\n\t\t\t\t\t<a href=\"#theme-tabs-69e07a7ad1e0e-1\" class=\"theme-tab\" data-tabs-group=\"tab-group-theme-tabs-69e07a7ad1e0e\">Mo\u00e7ambique<\/a>\n\t\t\t<\/nav>\n\t\t\t<div id=\"theme-tabs-69e07a7ad1e0e-0\" class=\"tab_content\">\n\t\t\t<p><div class='ezfc-wrapper ezfc-form-1 ezfc-theme-slick ezfc-grid-6  ezfc-form-loading'><div class='ezfc-form-loading-text'>Loading...<\/div><form class='ezfc-form  ezfc-image-selection-style-default' id='ezfc-form-1' name='ezfc-form[1]' action='' data-id='1' data-currency='AKZ' data-vars='{\"clear_selected_values_hidden\":0,\"counter_duration\":\"1000\",\"counter_interval\":\"30\",\"currency\":\"AKZ\",\"currency_position\":\"0\",\"datepicker_format\":\"dd\\\/mm\\\/yy\",\"disable_error_scroll\":0,\"form_elements_order\":[\"16\",\"8\",\"13\",\"1\",\"2\",\"3\",\"4\",\"14\",\"12\",\"15\",\"28\",\"32\",\"26\",\"34\",\"29\",\"36\",\"41\"],\"format_currency_numbers_elements\":\"1\",\"hard_submit\":\"0\",\"has_steps\":false,\"hide_all_forms\":0,\"live_summary_enabled\":\"\",\"payment_force_stripe\":\"0\",\"payment_info_shown\":{\"authorize\":0,\"stripe\":0},\"popup_open_auto\":\"\",\"preview_form\":null,\"price_format\":\"0.0[,]00\",\"price_position_scroll_top\":0,\"price_requested\":0,\"price_show_request_before\":\"-\",\"price_show_request\":0,\"redirect_forward_values\":0,\"redirect_text\":\"You will be redirected in 3 seconds...\",\"redirect_timer\":\"3\",\"redirect_url\":\"https:\\\/\\\/prefangol.com\\\/simulador-betao\\\/\",\"refresh_page_after_submission\":\"1\",\"reset_after_submission\":\"1\",\"scroll_to_success_message\":\"0\",\"selectable_max_error\":\"Please select %d options at max.\",\"selectable_min_error\":\"Please select at least %d options.\",\"show_success_text\":\"1\",\"step_auto_progress\":\"0\",\"step_count\":0,\"step_indicator_start\":\"1\",\"step_reset_succeeding\":\"\",\"step_speed\":\"200\",\"submission_js_func\":\"\",\"submit_text\":{\"default\":\"Enviar Pedido\",\"paypal\":\"Check out with PayPal\",\"request\":\"Request price\",\"stripe\":\"Check out with Stripe\",\"summary\":\"Check your order\",\"woocommerce\":\"Add to cart\"},\"summary_enabled\":\"0\",\"summary_shown\":0,\"timepicker_format\":\"H:i\",\"use_paypal\":\"0\",\"use_stripe\":\"0\",\"use_woocommerce\":0,\"verify_steps\":\"1\"}' method='POST' novalidate data-trp-original-action=\"\"><input type='hidden' name='id' value='1' \/><input type='hidden' name='ref_id' value='69e07a7ad4daa' \/><div class='ezfc-step-indicator'><\/div><div class='ezfc-clear'><\/div><div class='ezfc-form-elements'><div class='ezfc-element ezfc-custom-element  ezfc-column ezfc-col-6 ezfc-element-wrapper-html' id='ezfc_element-16' data-element='html' data-id='16' data-elementname='html' data-calculate_enabled='0' data-add_to_price='1' ><label class='ezfc-label' for='ezfc_element-16-child' ><\/label><div><blockquote>Calcule os Metros C\u00fabicos e pe\u00e7a um Or\u00e7amento.<\/blockquote><input class='ezfc-element-html' name='ezfc_element[16]' type='hidden' value='1' \/><\/div><\/div><div class='ezfc-element ezfc-custom-element  ezfc-column ezfc-col-3 ezfc-element-wrapper-dropdown' id='ezfc_element-8' data-element='dropdown' data-id='8' data-elementname='tipo de bet&atilde;o' data-calculate_enabled='0' data-is_currency='0' data-is_number='0' data-add_to_price='0' ><label class='ezfc-label' for='ezfc_element-8-child' >Selecione o Tipo de Bet&atilde;o <span class='ezfc-required-char'>*<\/span><\/label><select class='ezfc-element ezfc-element-select' id='ezfc_element-8-child' name='ezfc_element[8]'  required data-initvalue='0'><option value='0' data-value='1' data-index='0' data-factor='1' data-settings='{\"calculate_when_hidden\":\"1\"}'  selected='selected'>Normal<\/option><option value='1' data-value='0' data-index='1' data-factor='0' data-settings='{\"calculate_when_hidden\":\"1\"}' >Colorido<\/option><option value='2' data-value='2' data-index='2' data-factor='2' data-settings='{\"calculate_when_hidden\":\"1\"}' >Para Projectar<\/option><option value='3' data-value='3' data-index='3' data-factor='3' data-settings='{\"calculate_when_hidden\":\"1\"}' >Leve<\/option><option value='4' data-value='4' data-index='4' data-factor='4' data-settings='{\"calculate_when_hidden\":\"1\"}' >Outro<\/option><\/select><p class='ezfc-element-description-below-input'>Selecione o tipo de Bet\u00e3o pretendido<\/p><\/div><div class='ezfc-element ezfc-custom-element  ezfc-column ezfc-col-6 ezfc-element-wrapper-html' id='ezfc_element-13' data-element='html' data-id='13' data-elementname='html' data-calculate_enabled='0' data-add_to_price='1' ><label class='ezfc-label' for='ezfc_element-13-child' ><\/label><div><div id=\"field_1-8\" class=\"fields comment_area\" style=\"box-sizing: border-box; outline: none; margin: 0px; padding: 5px 0px; border: 0px; font-variant-numeric: inherit; font-stretch: inherit; line-height: inherit; font-family: montserrat; vertical-align: baseline; color: #7d7d7d;\">\r\n<div id=\"field_1-1\" class=\"fields comment_area\" style=\"box-sizing: border-box; outline: none; margin: 0px; padding: 5px 0px; border: 0px; font-variant-numeric: inherit; font-stretch: inherit; line-height: inherit; vertical-align: baseline;\"><label id=\"fieldname17_1\" style=\"box-sizing: border-box; outline: none; margin: 0px 0px 5px; padding: 0px; border: 0px; font-style: inherit; font-variant: inherit; font-weight: inherit; font-stretch: inherit; font-size: inherit; line-height: inherit; font-family: inherit; vertical-align: baseline; float: left; width: 1170px; clear: both;\">Insira abaixo as dimens\u00f5es da \u00e1rea pretendida para obter o valor em Metros C\u00fabicos:<\/label><\/div>\r\n<\/div><input class='ezfc-element-html' name='ezfc_element[13]' type='hidden' value='1' \/><\/div><\/div><div class='ezfc-element ezfc-custom-element  ezfc-column ezfc-col-2 ezfc-element-wrapper-numbers' id='ezfc_element-1' data-element='numbers' data-id='1' data-elementname='largura' data-calculate_enabled='1' data-is_currency='0' data-is_number='1' data-add_to_price='0' data-value_external='' data-value_external_listen='1'><label class='ezfc-label' for='ezfc_element-1-child' >Largura<\/label><input\tclass='ezfc-element ezfc-element-numbers ezfc-input-format-listener' data-factor='1'  id='ezfc_element-1-child' name='ezfc_element[1]' placeholder='Insira o valor em Metros (m)' type='text' value='' data-id='1' data-settings='{\"calculate_when_hidden\":\"1\",\"precision\":\"0\",\"price_format\":\"\"}'   data-min='' data-max='' data-initvalue='' \/><\/div><div class='ezfc-element ezfc-custom-element  ezfc-column ezfc-col-2 ezfc-element-wrapper-numbers' id='ezfc_element-2' data-element='numbers' data-id='2' data-elementname='comprimento' data-calculate_enabled='1' data-is_currency='0' data-is_number='1' data-add_to_price='0' data-value_external='' data-value_external_listen='1'><label class='ezfc-label' for='ezfc_element-2-child' >Comprimento<\/label><input\tclass='ezfc-element ezfc-element-numbers ezfc-input-format-listener' data-factor='1'  id='ezfc_element-2-child' name='ezfc_element[2]' placeholder='Insira o valor em Metros (m)' type='text' value='' data-id='2' data-settings='{\"calculate_when_hidden\":\"1\",\"precision\":\"0\",\"price_format\":\"\"}'   data-min='' data-max='' data-initvalue='' \/><\/div><div class='ezfc-element ezfc-custom-element  ezfc-column ezfc-col-2 ezfc-element-wrapper-numbers' id='ezfc_element-3' data-element='numbers' data-id='3' data-elementname='profundidade' data-calculate_enabled='1' data-is_currency='0' data-is_number='1' data-add_to_price='0' data-value_external='' data-value_external_listen='1'><label class='ezfc-label' for='ezfc_element-3-child' >Profundidade<\/label><input\tclass='ezfc-element ezfc-element-numbers ezfc-input-format-listener' data-factor='1'  id='ezfc_element-3-child' name='ezfc_element[3]' placeholder='Insira o valor em Metros (m)' type='text' value='' data-id='3' data-settings='{\"calculate_when_hidden\":\"1\",\"precision\":\"0\",\"price_format\":\"\"}'   data-min='' data-max='' data-initvalue='' \/><\/div><div class='ezfc-element ezfc-custom-element  ezfc-column ezfc-col-6 ezfc-element-wrapper-subtotal' id='ezfc_element-4' data-element='subtotal' data-id='4' data-elementname='resultado metros c&uacute;bicos' data-calculate_enabled='1' data-overwrite_price='1' data-is_currency='0' data-is_number='1' data-add_to_price='0' ><label class='ezfc-label' for='ezfc_element-4-child' >Resultado Metros C&uacute;bicos<\/label><input class='ezfc-element ezfc-element-input ezfc-element-subtotal ezfc-input-format-listener' id='ezfc_element-4-child' type='text' name='ezfc_element[4]' value=''   readonly data-min='' data-max='' data-settings='{\"calculate_when_hidden\":\"1\",\"precision\":\"0\",\"price_format\":\"\"}' \/><p class='ezfc-element-description-below-input'>Introduza os valores da Altura, Comprimento e Profundidade para obter o resultado dos Metros C\u00fabicos<\/p><\/div><div class='ezfc-element ezfc-custom-element  ezfc-column ezfc-col-6 ezfc-element-wrapper-html' id='ezfc_element-14' data-element='html' data-id='14' data-elementname='html' data-calculate_enabled='0' data-add_to_price='1' ><label class='ezfc-label' for='ezfc_element-14-child' ><\/label><div><div id=\"field_1-8\" class=\"fields comment_area\" style=\"box-sizing: border-box; outline: none; margin: 0px; padding: 5px 0px; border: 0px; font-variant-numeric: inherit; font-stretch: inherit; line-height: inherit; font-family: montserrat; vertical-align: baseline; color: #7d7d7d;\"><label id=\"fieldname18_1\" style=\"box-sizing: border-box; outline: none; margin: 0px 0px 5px; padding: 0px; border: 0px; font-style: inherit; font-variant: inherit; font-weight: inherit; font-stretch: inherit; font-size: inherit; line-height: inherit; font-family: inherit; vertical-align: baseline; float: left; width: 1170px; clear: both;\">Caso prefira, insira o volume do Bet\u00e3o pretendido:<\/label><\/div><input class='ezfc-element-html' name='ezfc_element[14]' type='hidden' value='1' \/><\/div><\/div><div class='ezfc-element ezfc-custom-element  ezfc-column ezfc-col-3 ezfc-element-wrapper-numbers' id='ezfc_element-12' data-element='numbers' data-id='12' data-elementname='metros c&uacute;bicos' data-calculate_enabled='0' data-is_currency='0' data-is_number='1' data-add_to_price='0' data-value_external='' data-value_external_listen='1'><label class='ezfc-label' for='ezfc_element-12-child' >Metros C&uacute;bicos:<\/label><input\tclass='ezfc-element ezfc-element-numbers ezfc-input-format-listener' data-factor='1'  id='ezfc_element-12-child' name='ezfc_element[12]' placeholder='Insira o valor em M3' type='text' value='' data-id='12' data-settings='{\"calculate_when_hidden\":\"1\",\"precision\":\"2\",\"price_format\":\"\"}'   data-min='' data-max='' data-initvalue='' \/><\/div><div class='ezfc-element ezfc-custom-element  ezfc-column ezfc-col-6 ezfc-element-wrapper-hr' id='ezfc_element-15' data-element='hr' data-id='15' data-calculate_enabled='0' data-add_to_price='1' ><label class='ezfc-label' for='ezfc_element-15-child' ><\/label><hr class=''  \/><\/div><div class='ezfc-element ezfc-custom-element  ezfc-column ezfc-col-3 ezfc-element-wrapper-input' id='ezfc_element-28' data-element='input' data-id='28' data-elementname='nome' data-calculate_enabled='0' data-add_to_price='1' data-value_external='' data-value_external_listen='1'><label class='ezfc-label' for='ezfc_element-28-child' >Primeiro e &Uacute;ltimo Nome <span class='ezfc-required-char'>*<\/span><\/label><input\tclass='ezfc-element ezfc-element-input' data-factor='1' id='ezfc_element-28-child' name='ezfc_element[28]' placeholder='Primeiro e \u00daltimo Nome' type='text' value='' data-initvalue=''  required \/><\/div><div class='ezfc-element ezfc-custom-element  ezfc-column ezfc-col-3 ezfc-element-wrapper-input' id='ezfc_element-32' data-element='input' data-id='32' data-elementname='empresa' data-calculate_enabled='0' data-add_to_price='1' data-value_external='' data-value_external_listen='1'><label class='ezfc-label' for='ezfc_element-32-child' >Empresa <span class='ezfc-required-char'>*<\/span><\/label><input\tclass='ezfc-element ezfc-element-input' data-factor='1' id='ezfc_element-32-child' name='ezfc_element[32]' placeholder='Nome da Empresa' type='text' value='' data-initvalue=''  required \/><\/div><div class='ezfc-element ezfc-custom-element  ezfc-column ezfc-col-3 ezfc-element-wrapper-email' id='ezfc_element-26' data-element='email' data-id='26' data-elementname='email' data-calculate_enabled='0' data-add_to_price='1' data-value_external='' data-value_external_listen='1'><label class='ezfc-label' for='ezfc_element-26-child' >Email <span class='ezfc-required-char'>*<\/span><\/label><input\tclass='ezfc-element ezfc-element-input' data-factor='1' id='ezfc_element-26-child' name='ezfc_element[26]' placeholder='Endere\u00e7o de E-mail' type='text' value='' data-initvalue=''  required \/><\/div><div class='ezfc-element ezfc-custom-element  ezfc-column ezfc-col-3 ezfc-element-wrapper-input' id='ezfc_element-34' data-element='input' data-id='34' data-elementname='contacto' data-calculate_enabled='0' data-add_to_price='1' data-value_external='' data-value_external_listen='1'><label class='ezfc-label' for='ezfc_element-34-child' >Contacto<\/label><input\tclass='ezfc-element ezfc-element-input' data-factor='1' id='ezfc_element-34-child' name='ezfc_element[34]' placeholder='Contacto de Telefone' type='tel' value='' data-initvalue=''   \/><\/div><div class='ezfc-element ezfc-custom-element  ezfc-column ezfc-col-6 ezfc-element-wrapper-textfield' id='ezfc_element-29' data-element='textfield' data-id='29' data-elementname='descri&ccedil;&atilde;o' data-calculate_enabled='0' data-add_to_price='1' data-value_external='' data-value_external_listen='1'><label class='ezfc-label' for='ezfc_element-29-child' >Descri&ccedil;&atilde;o<\/label><textarea class='ezfc-element ezfc-element-textarea' id='ezfc_element-29-child' name='ezfc_element[29]' placeholder='Escreva uma breve descri\u00e7\u00e3o do Pretendido'   data-initvalue=''><\/textarea><\/div><div class='ezfc-element ezfc-custom-element  ezfc-column ezfc-col-3 ezfc-element-wrapper-checkbox' id='ezfc_element-36' data-element='checkbox' data-id='36' data-elementname='rgpd' data-calculate_enabled='0' data-is_currency='0' data-is_number='0' data-add_to_price='0' ><label class='ezfc-label' for='ezfc_element-36-child' >Prote&ccedil;&atilde;o de Dados (RGPD) <span class='ezfc-required-char'>*<\/span><\/label><div class='ezfc-element-option-container'><div class='ezfc-element-checkbox-container ezfc-element-single-option-container'>\t<div class='ezfc-element-checkbox'>\t\t<input class='ezfc-element-checkbox-input' id='ezfc_element-36-0' type='checkbox' name='ezfc_element[36][0]' value='0' data-value='1' data-index='0' data-factor='1' data-settings='{\"calculate_when_hidden\":\"1\"}'   \/>\t\t<label class='ezfc-addon-label' for='ezfc_element-36-0'><\/label>\t\t<div class='ezfc-addon-option'><\/div>\t<\/div>\t<div class='ezfc-element-checkbox-text'><label for='ezfc_element-36-0'>Concordo que os dados inseridos no formul&aacute;rio podem ser processados e usados exclusivamente para enviar informa&ccedil;&otilde;es e publicidade sobre produtos, servi&ccedil;os e outras atividades da empresa Prefangol.<\/label><span class='ezfc-element-checkbox-price'><\/span><\/div>\t<div class='ezfc-element-checkbox-clear'><\/div><\/div><\/div><\/div><div class='ezfc-element ezfc-custom-element  ezfc-column ezfc-col-3 ezfc-element-wrapper-checkbox' id='ezfc_element-41' data-element='checkbox' data-id='41' data-elementname='newsletter' data-calculate_enabled='0' data-is_currency='0' data-is_number='0' data-add_to_price='0' ><label class='ezfc-label' for='ezfc_element-41-child' >Inscrever na nossa Newsletter<\/label><div class='ezfc-element-option-container'><div class='ezfc-element-checkbox-container ezfc-element-single-option-container'>\t<div class='ezfc-element-checkbox'>\t\t<input class='ezfc-element-checkbox-input' id='ezfc_element-41-0' type='checkbox' name='ezfc_element[41][0]' value='0' data-value='__newsletter_signup__' data-index='0' data-factor='__newsletter_signup__' data-settings='{\"calculate_when_hidden\":\"1\"}'   data-optionid='id-1' \/>\t\t<label class='ezfc-addon-label' for='ezfc_element-41-0'><\/label>\t\t<div class='ezfc-addon-option'><\/div>\t<\/div>\t<div class='ezfc-element-checkbox-text'><label for='ezfc_element-41-0'>Inscreva-se para receber informa&ccedil;&atilde;o dos nossos novos Produtos, Not&iacute;cias e Informa&ccedil;&otilde;es sobre a nossa Empresa.<\/label><span class='ezfc-element-checkbox-price'><\/span><\/div>\t<div class='ezfc-element-checkbox-clear'><\/div><\/div><\/div><\/div><\/div><div class='ezfc-element ezfc-reset-wrapper'>\t<label ><\/label>\t<button class='ezfc-btn ezfc-element ezfc-element-reset ezfc-reset' id='ezfc-reset-1'>Limpar<\/button><\/div><div class='ezfc-element ezfc-submit-wrapper'>\t<label ><\/label>\t<input class='ezfc-btn ezfc-element ezfc-element-submit ezfc-submit' id='ezfc-submit-1' type='submit' value='Enviar Pedido' data-element='submit' \/>\t<span class='ezfc-submit-icon'><i class='fa fa-cog fa-spin'><\/i><\/span><\/div><div class='ezfc-required-notification'><span class='ezfc-required-char'>*<\/span> Campos Obrigat\u00f3rios<\/div><input type=\"hidden\" name=\"trp-form-language\" value=\"en\"\/><\/form><div class='ezfc-message' id='ezfc-message-1'><\/div><div class='ezfc-success-text' data-id='1'><\/div><\/div><div class='ezfc-overview' data-id='1'><\/div><\/p>\t\t<\/div>\n\t\t\t<div id=\"theme-tabs-69e07a7ad1e0e-1\" class=\"tab_content\">\n\t\t\t\t\t<\/div>\n\t<\/div><\/div><\/div>\n\n\t<\/div>\n<\/div>","protected":false},"excerpt":{"rendered":"<p>Angola Mo\u00e7ambique Loading&#8230;Calcule os Metros C\u00fabicos e pe\u00e7a um Or\u00e7amento.Selecione o Tipo de Bet&atilde;o *NormalColoridoPara ProjectarLeveOutroSelecione o tipo de Bet\u00e3o pretendido Insira abaixo as dimens\u00f5es da \u00e1rea pretendida para obter o valor em Metros C\u00fabicos: LarguraComprimentoProfundidadeResultado Metros C&uacute;bicosIntroduza os valores da Altura, Comprimento e Profundidade para obter o resultado dos Metros C\u00fabicosCaso prefira, insira o [&hellip;]<\/p>","protected":false},"author":3,"featured_media":0,"parent":0,"menu_order":0,"comment_status":"closed","ping_status":"closed","template":"","meta":{"footnotes":""},"_links":{"self":[{"href":"http:\/\/prefangol.com\/en\/wp-json\/wp\/v2\/pages\/940"}],"collection":[{"href":"http:\/\/prefangol.com\/en\/wp-json\/wp\/v2\/pages"}],"about":[{"href":"http:\/\/prefangol.com\/en\/wp-json\/wp\/v2\/types\/page"}],"author":[{"embeddable":true,"href":"http:\/\/prefangol.com\/en\/wp-json\/wp\/v2\/users\/3"}],"replies":[{"embeddable":true,"href":"http:\/\/prefangol.com\/en\/wp-json\/wp\/v2\/comments?post=940"}],"version-history":[{"count":0,"href":"http:\/\/prefangol.com\/en\/wp-json\/wp\/v2\/pages\/940\/revisions"}],"wp:attachment":[{"href":"http:\/\/prefangol.com\/en\/wp-json\/wp\/v2\/media?parent=940"}],"curies":[{"name":"wp","href":"https:\/\/api.w.org\/{rel}","templated":true}]}}